{"id":464,"date":"2025-03-21T14:54:58","date_gmt":"2025-03-21T14:54:58","guid":{"rendered":"https:\/\/tremplinsocial.fr\/?page_id=464"},"modified":"2025-03-21T15:31:58","modified_gmt":"2025-03-21T15:31:58","slug":"groupe-danalyse-des-pratiques-professionnelles","status":"publish","type":"page","link":"https:\/\/tremplinsocial.fr\/?page_id=464","title":{"rendered":"Groupe d&rsquo;analyse des pratiques professionnelles"},"content":{"rendered":"\n<p>Le groupe d&rsquo;analyse des pratiques professionnelles dans le milieu m\u00e9dico-social est un espace d&rsquo;\u00e9change o\u00f9 les professionnels analysent ensemble leur pratique sous la supervision d&rsquo;un intervenant ext\u00e9rieur. <\/p>\n\n\n\n<figure class=\"wp-block-image alignleft size-large is-resized\"><img data-recalc-dims=\"1\" loading=\"lazy\" decoding=\"async\" width=\"1024\" height=\"443\" src=\"https:\/\/i0.wp.com\/tremplinsocial.fr\/wp-content\/uploads\/2025\/03\/equipe.jpg?resize=1024%2C443&#038;ssl=1\" alt=\"\" class=\"wp-image-471\" style=\"width:556px;height:auto\" srcset=\"https:\/\/i0.wp.com\/tremplinsocial.fr\/wp-content\/uploads\/2025\/03\/equipe.jpg?resize=1024%2C443&amp;ssl=1 1024w, https:\/\/i0.wp.com\/tremplinsocial.fr\/wp-content\/uploads\/2025\/03\/equipe.jpg?resize=300%2C130&amp;ssl=1 300w, https:\/\/i0.wp.com\/tremplinsocial.fr\/wp-content\/uploads\/2025\/03\/equipe.jpg?resize=768%2C332&amp;ssl=1 768w, https:\/\/i0.wp.com\/tremplinsocial.fr\/wp-content\/uploads\/2025\/03\/equipe.jpg?w=1280&amp;ssl=1 1280w\" sizes=\"auto, (max-width: 1000px) 100vw, 1000px\" \/><\/figure>\n\n\n\n<p><strong>Prendre du recul sur sa pratique.<\/strong><\/p>\n\n\n\n<p><strong>Am\u00e9liore la qualit\u00e9 de l&rsquo;accompagnement.<\/strong><\/p>\n\n\n\n<p><strong>Partage d&rsquo;exp\u00e9riences.<\/strong><\/p>\n\n\n\n<p><strong>G\u00e9rer l&rsquo;impact  \u00e9motionnel du travail.<\/strong><\/p>\n\n\n\n<p><strong>D\u00e9velopper une posture professionnelle.<\/strong><\/p>\n\n\n\n<p><strong>Pr\u00e9vention du burn out.<\/strong><\/p>\n\n\n\n<p>                                                                                                                                                                  <strong>D\u00e9veloppe la coh\u00e9sion d&rsquo;\u00e9quipe.<\/strong><\/p>\n\n\n\n<p>En r\u00e9sum\u00e9, une approche collective pour le bien-\u00eatre des professionnels, pour rester efficace et humain dans un m\u00e9tier parfois \u00e9prouvant.<\/p>\n\n\n\n<p><strong>Responsable de structure, investissez dans le bien-\u00eatre et l&rsquo;expertise de votre \u00e9quipe. Appeler moi pour m&rsquo;exprimer vos besoins.<\/strong><\/p>\n\n\n\n<p>A Lille dans les Hauts de France, <strong>Anne Bourguet 0609284179<\/strong><\/p>\n\n\n\n<p><\/p>\n","protected":false},"excerpt":{"rendered":"<p>Le groupe d&rsquo;analyse des pratiques professionnelles dans le milieu m\u00e9dico-social est un espace d&rsquo;\u00e9change o\u00f9 les professionnels analysent ensemble leur pratique sous la supervision d&rsquo;un intervenant ext\u00e9rieur. Prendre du recul sur sa pratique. Am\u00e9liore la qualit\u00e9 de l&rsquo;accompagnement. Partage d&rsquo;exp\u00e9riences. G\u00e9rer l&rsquo;impact \u00e9motionnel du travail. D\u00e9velopper une posture professionnelle. Pr\u00e9vention du burn out. D\u00e9veloppe la [&hellip;]<\/p>\n","protected":false},"author":1,"featured_media":0,"parent":0,"menu_order":0,"comment_status":"closed","ping_status":"closed","template":"","meta":{"site-sidebar-layout":"default","site-content-layout":"","ast-site-content-layout":"default","site-content-style":"default","site-sidebar-style":"default","ast-global-header-display":"","ast-banner-title-visibility":"","ast-main-header-display":"","ast-hfb-above-header-display":"","ast-hfb-below-header-display":"","ast-hfb-mobile-header-display":"","site-post-title":"","ast-breadcrumbs-content":"","ast-featured-img":"","footer-sml-layout":"","ast-disable-related-posts":"","theme-transparent-header-meta":"","adv-header-id-meta":"","stick-header-meta":"","header-above-stick-meta":"","header-main-stick-meta":"","header-below-stick-meta":"","astra-migrate-meta-layouts":"set","ast-page-background-enabled":"default","ast-page-background-meta":{"desktop":{"background-color":"","background-image":"","background-repeat":"repeat","background-position":"center center","background-size":"auto","background-attachment":"scroll","background-type":"","background-media":"","overlay-type":"","overlay-color":"","overlay-opacity":"","overlay-gradient":""},"tablet":{"background-color":"","background-image":"","background-repeat":"repeat","background-position":"center center","background-size":"auto","background-attachment":"scroll","background-type":"","background-media":"","overlay-type":"","overlay-color":"","overlay-opacity":"","overlay-gradient":""},"mobile":{"background-color":"","background-image":"","background-repeat":"repeat","background-position":"center center","background-size":"auto","background-attachment":"scroll","background-type":"","background-media":"","overlay-type":"","overlay-color":"","overlay-opacity":"","overlay-gradient":""}},"ast-content-background-meta":{"desktop":{"background-color":"var(--ast-global-color-5)","background-image":"","background-repeat":"repeat","background-position":"center center","background-size":"auto","background-attachment":"scroll","background-type":"","background-media":"","overlay-type":"","overlay-color":"","overlay-opacity":"","overlay-gradient":""},"tablet":{"background-color":"var(--ast-global-color-5)","background-image":"","background-repeat":"repeat","background-position":"center center","background-size":"auto","background-attachment":"scroll","background-type":"","background-media":"","overlay-type":"","overlay-color":"","overlay-opacity":"","overlay-gradient":""},"mobile":{"background-color":"var(--ast-global-color-5)","background-image":"","background-repeat":"repeat","background-position":"center center","background-size":"auto","background-attachment":"scroll","background-type":"","background-media":"","overlay-type":"","overlay-color":"","overlay-opacity":"","overlay-gradient":""}},"footnotes":""},"class_list":["post-464","page","type-page","status-publish","hentry"],"yoast_head":"<!-- This site is optimized with the Yoast SEO plugin v27.4 - https:\/\/yoast.com\/product\/yoast-seo-wordpress\/ -->\n<title>Groupe d&#039;analyse des pratiques professionnelles - Consultante social, adapt\u00e9e \u00e0 vos besoins<\/title>\n<meta name=\"description\" content=\"Boostez la coh\u00e9sion et l&#039;efficacit\u00e9 de votre \u00e9quipe avec un groupe d&#039;analyse des pratiques professionnelles.\" \/>\n<meta name=\"robots\" content=\"index, follow, max-snippet:-1, max-image-preview:large, max-video-preview:-1\" \/>\n<link rel=\"canonical\" href=\"https:\/\/tremplinsocial.fr\/?page_id=464\" \/>\n<meta property=\"og:locale\" content=\"fr_FR\" \/>\n<meta property=\"og:type\" content=\"article\" \/>\n<meta property=\"og:title\" content=\"Groupe d&#039;analyse des pratiques professionnelles - Consultante social, adapt\u00e9e \u00e0 vos besoins\" \/>\n<meta property=\"og:description\" content=\"Boostez la coh\u00e9sion et l&#039;efficacit\u00e9 de votre \u00e9quipe avec un groupe d&#039;analyse des pratiques professionnelles.\" \/>\n<meta property=\"og:url\" content=\"https:\/\/tremplinsocial.fr\/?page_id=464\" \/>\n<meta property=\"og:site_name\" content=\"Consultante social, adapt\u00e9e \u00e0 vos besoins\" \/>\n<meta property=\"article:modified_time\" content=\"2025-03-21T15:31:58+00:00\" \/>\n<meta property=\"og:image\" content=\"https:\/\/tremplinsocial.fr\/wp-content\/uploads\/2025\/03\/equipe-1024x443.jpg\" \/>\n<meta name=\"twitter:card\" content=\"summary_large_image\" \/>\n<meta name=\"twitter:label1\" content=\"Dur\u00e9e de lecture estim\u00e9e\" \/>\n\t<meta name=\"twitter:data1\" content=\"1 minute\" \/>\n<script type=\"application\/ld+json\" class=\"yoast-schema-graph\">{\"@context\":\"https:\\\/\\\/schema.org\",\"@graph\":[{\"@type\":\"WebPage\",\"@id\":\"https:\\\/\\\/tremplinsocial.fr\\\/?page_id=464\",\"url\":\"https:\\\/\\\/tremplinsocial.fr\\\/?page_id=464\",\"name\":\"Groupe d'analyse des pratiques professionnelles - Consultante social, adapt\u00e9e \u00e0 vos besoins\",\"isPartOf\":{\"@id\":\"https:\\\/\\\/tremplinsocial.fr\\\/#website\"},\"primaryImageOfPage\":{\"@id\":\"https:\\\/\\\/tremplinsocial.fr\\\/?page_id=464#primaryimage\"},\"image\":{\"@id\":\"https:\\\/\\\/tremplinsocial.fr\\\/?page_id=464#primaryimage\"},\"thumbnailUrl\":\"https:\\\/\\\/tremplinsocial.fr\\\/wp-content\\\/uploads\\\/2025\\\/03\\\/equipe-1024x443.jpg\",\"datePublished\":\"2025-03-21T14:54:58+00:00\",\"dateModified\":\"2025-03-21T15:31:58+00:00\",\"description\":\"Boostez la coh\u00e9sion et l'efficacit\u00e9 de votre \u00e9quipe avec un groupe d'analyse des pratiques professionnelles.\",\"breadcrumb\":{\"@id\":\"https:\\\/\\\/tremplinsocial.fr\\\/?page_id=464#breadcrumb\"},\"inLanguage\":\"fr-FR\",\"potentialAction\":[{\"@type\":\"ReadAction\",\"target\":[\"https:\\\/\\\/tremplinsocial.fr\\\/?page_id=464\"]}]},{\"@type\":\"ImageObject\",\"inLanguage\":\"fr-FR\",\"@id\":\"https:\\\/\\\/tremplinsocial.fr\\\/?page_id=464#primaryimage\",\"url\":\"https:\\\/\\\/i0.wp.com\\\/tremplinsocial.fr\\\/wp-content\\\/uploads\\\/2025\\\/03\\\/equipe.jpg?fit=1280%2C554&ssl=1\",\"contentUrl\":\"https:\\\/\\\/i0.wp.com\\\/tremplinsocial.fr\\\/wp-content\\\/uploads\\\/2025\\\/03\\\/equipe.jpg?fit=1280%2C554&ssl=1\",\"width\":1280,\"height\":554},{\"@type\":\"BreadcrumbList\",\"@id\":\"https:\\\/\\\/tremplinsocial.fr\\\/?page_id=464#breadcrumb\",\"itemListElement\":[{\"@type\":\"ListItem\",\"position\":1,\"name\":\"Accueil\",\"item\":\"https:\\\/\\\/tremplinsocial.fr\\\/\"},{\"@type\":\"ListItem\",\"position\":2,\"name\":\"Groupe d&rsquo;analyse des pratiques professionnelles\"}]},{\"@type\":\"WebSite\",\"@id\":\"https:\\\/\\\/tremplinsocial.fr\\\/#website\",\"url\":\"https:\\\/\\\/tremplinsocial.fr\\\/\",\"name\":\"Conseill\u00e8re Sociale \u00e0 Lille\",\"description\":\"Entreprise ou association vous pouvez compter sur l&#039;expertise d&#039;une professionnelle du social pour vous accompagner en tant que Conseill\u00e8re en Economie Sociale et Familiale lib\u00e9rale. Je propose un partenariat direct avec les acteurs du secteur m\u00e9dico-social afin de mettre en place une intervention personnalis\u00e9e et adapt\u00e9e \u00e0 vos besoins.LILLE\\\/NORD \",\"publisher\":{\"@id\":\"https:\\\/\\\/tremplinsocial.fr\\\/#organization\"},\"potentialAction\":[{\"@type\":\"SearchAction\",\"target\":{\"@type\":\"EntryPoint\",\"urlTemplate\":\"https:\\\/\\\/tremplinsocial.fr\\\/?s={search_term_string}\"},\"query-input\":{\"@type\":\"PropertyValueSpecification\",\"valueRequired\":true,\"valueName\":\"search_term_string\"}}],\"inLanguage\":\"fr-FR\"},{\"@type\":\"Organization\",\"@id\":\"https:\\\/\\\/tremplinsocial.fr\\\/#organization\",\"name\":\"tremplin social\",\"url\":\"https:\\\/\\\/tremplinsocial.fr\\\/\",\"logo\":{\"@type\":\"ImageObject\",\"inLanguage\":\"fr-FR\",\"@id\":\"https:\\\/\\\/tremplinsocial.fr\\\/#\\\/schema\\\/logo\\\/image\\\/\",\"url\":\"https:\\\/\\\/i0.wp.com\\\/tremplinsocial.fr\\\/wp-content\\\/uploads\\\/2020\\\/11\\\/image.jpg?fit=640%2C640&ssl=1\",\"contentUrl\":\"https:\\\/\\\/i0.wp.com\\\/tremplinsocial.fr\\\/wp-content\\\/uploads\\\/2020\\\/11\\\/image.jpg?fit=640%2C640&ssl=1\",\"width\":640,\"height\":640,\"caption\":\"tremplin social\"},\"image\":{\"@id\":\"https:\\\/\\\/tremplinsocial.fr\\\/#\\\/schema\\\/logo\\\/image\\\/\"},\"sameAs\":[\"https:\\\/\\\/www.linkedin.com\\\/in\\\/anne-bourguet-065b6955\\\/\"]}]}<\/script>\n<!-- \/ Yoast SEO plugin. -->","yoast_head_json":{"title":"Groupe d'analyse des pratiques professionnelles - Consultante social, adapt\u00e9e \u00e0 vos besoins","description":"Boostez la coh\u00e9sion et l'efficacit\u00e9 de votre \u00e9quipe avec un groupe d'analyse des pratiques professionnelles.","robots":{"index":"index","follow":"follow","max-snippet":"max-snippet:-1","max-image-preview":"max-image-preview:large","max-video-preview":"max-video-preview:-1"},"canonical":"https:\/\/tremplinsocial.fr\/?page_id=464","og_locale":"fr_FR","og_type":"article","og_title":"Groupe d'analyse des pratiques professionnelles - Consultante social, adapt\u00e9e \u00e0 vos besoins","og_description":"Boostez la coh\u00e9sion et l'efficacit\u00e9 de votre \u00e9quipe avec un groupe d'analyse des pratiques professionnelles.","og_url":"https:\/\/tremplinsocial.fr\/?page_id=464","og_site_name":"Consultante social, adapt\u00e9e \u00e0 vos besoins","article_modified_time":"2025-03-21T15:31:58+00:00","og_image":[{"url":"https:\/\/tremplinsocial.fr\/wp-content\/uploads\/2025\/03\/equipe-1024x443.jpg","type":"","width":"","height":""}],"twitter_card":"summary_large_image","twitter_misc":{"Dur\u00e9e de lecture estim\u00e9e":"1 minute"},"schema":{"@context":"https:\/\/schema.org","@graph":[{"@type":"WebPage","@id":"https:\/\/tremplinsocial.fr\/?page_id=464","url":"https:\/\/tremplinsocial.fr\/?page_id=464","name":"Groupe d'analyse des pratiques professionnelles - Consultante social, adapt\u00e9e \u00e0 vos besoins","isPartOf":{"@id":"https:\/\/tremplinsocial.fr\/#website"},"primaryImageOfPage":{"@id":"https:\/\/tremplinsocial.fr\/?page_id=464#primaryimage"},"image":{"@id":"https:\/\/tremplinsocial.fr\/?page_id=464#primaryimage"},"thumbnailUrl":"https:\/\/tremplinsocial.fr\/wp-content\/uploads\/2025\/03\/equipe-1024x443.jpg","datePublished":"2025-03-21T14:54:58+00:00","dateModified":"2025-03-21T15:31:58+00:00","description":"Boostez la coh\u00e9sion et l'efficacit\u00e9 de votre \u00e9quipe avec un groupe d'analyse des pratiques professionnelles.","breadcrumb":{"@id":"https:\/\/tremplinsocial.fr\/?page_id=464#breadcrumb"},"inLanguage":"fr-FR","potentialAction":[{"@type":"ReadAction","target":["https:\/\/tremplinsocial.fr\/?page_id=464"]}]},{"@type":"ImageObject","inLanguage":"fr-FR","@id":"https:\/\/tremplinsocial.fr\/?page_id=464#primaryimage","url":"https:\/\/i0.wp.com\/tremplinsocial.fr\/wp-content\/uploads\/2025\/03\/equipe.jpg?fit=1280%2C554&ssl=1","contentUrl":"https:\/\/i0.wp.com\/tremplinsocial.fr\/wp-content\/uploads\/2025\/03\/equipe.jpg?fit=1280%2C554&ssl=1","width":1280,"height":554},{"@type":"BreadcrumbList","@id":"https:\/\/tremplinsocial.fr\/?page_id=464#breadcrumb","itemListElement":[{"@type":"ListItem","position":1,"name":"Accueil","item":"https:\/\/tremplinsocial.fr\/"},{"@type":"ListItem","position":2,"name":"Groupe d&rsquo;analyse des pratiques professionnelles"}]},{"@type":"WebSite","@id":"https:\/\/tremplinsocial.fr\/#website","url":"https:\/\/tremplinsocial.fr\/","name":"Conseill\u00e8re Sociale \u00e0 Lille","description":"Entreprise ou association vous pouvez compter sur l&#039;expertise d&#039;une professionnelle du social pour vous accompagner en tant que Conseill\u00e8re en Economie Sociale et Familiale lib\u00e9rale. Je propose un partenariat direct avec les acteurs du secteur m\u00e9dico-social afin de mettre en place une intervention personnalis\u00e9e et adapt\u00e9e \u00e0 vos besoins.LILLE\/NORD ","publisher":{"@id":"https:\/\/tremplinsocial.fr\/#organization"},"potentialAction":[{"@type":"SearchAction","target":{"@type":"EntryPoint","urlTemplate":"https:\/\/tremplinsocial.fr\/?s={search_term_string}"},"query-input":{"@type":"PropertyValueSpecification","valueRequired":true,"valueName":"search_term_string"}}],"inLanguage":"fr-FR"},{"@type":"Organization","@id":"https:\/\/tremplinsocial.fr\/#organization","name":"tremplin social","url":"https:\/\/tremplinsocial.fr\/","logo":{"@type":"ImageObject","inLanguage":"fr-FR","@id":"https:\/\/tremplinsocial.fr\/#\/schema\/logo\/image\/","url":"https:\/\/i0.wp.com\/tremplinsocial.fr\/wp-content\/uploads\/2020\/11\/image.jpg?fit=640%2C640&ssl=1","contentUrl":"https:\/\/i0.wp.com\/tremplinsocial.fr\/wp-content\/uploads\/2020\/11\/image.jpg?fit=640%2C640&ssl=1","width":640,"height":640,"caption":"tremplin social"},"image":{"@id":"https:\/\/tremplinsocial.fr\/#\/schema\/logo\/image\/"},"sameAs":["https:\/\/www.linkedin.com\/in\/anne-bourguet-065b6955\/"]}]}},"jetpack_sharing_enabled":true,"_links":{"self":[{"href":"https:\/\/tremplinsocial.fr\/index.php?rest_route=\/wp\/v2\/pages\/464","targetHints":{"allow":["GET"]}}],"collection":[{"href":"https:\/\/tremplinsocial.fr\/index.php?rest_route=\/wp\/v2\/pages"}],"about":[{"href":"https:\/\/tremplinsocial.fr\/index.php?rest_route=\/wp\/v2\/types\/page"}],"author":[{"embeddable":true,"href":"https:\/\/tremplinsocial.fr\/index.php?rest_route=\/wp\/v2\/users\/1"}],"replies":[{"embeddable":true,"href":"https:\/\/tremplinsocial.fr\/index.php?rest_route=%2Fwp%2Fv2%2Fcomments&post=464"}],"version-history":[{"count":3,"href":"https:\/\/tremplinsocial.fr\/index.php?rest_route=\/wp\/v2\/pages\/464\/revisions"}],"predecessor-version":[{"id":478,"href":"https:\/\/tremplinsocial.fr\/index.php?rest_route=\/wp\/v2\/pages\/464\/revisions\/478"}],"wp:attachment":[{"href":"https:\/\/tremplinsocial.fr\/index.php?rest_route=%2Fwp%2Fv2%2Fmedia&parent=464"}],"curies":[{"name":"wp","href":"https:\/\/api.w.org\/{rel}","templated":true}]}}