{"id":76,"date":"2020-03-31T08:57:04","date_gmt":"2020-03-31T08:57:04","guid":{"rendered":"https:\/\/votrecoaching.fr\/?page_id=76"},"modified":"2025-03-21T15:26:01","modified_gmt":"2025-03-21T15:26:01","slug":"conseillere-en-economie-sociale-et-familiale-lliberale","status":"publish","type":"page","link":"https:\/\/tremplinsocial.fr\/","title":{"rendered":"Avantage d&rsquo;une consultante sociale lib\u00e9rale"},"content":{"rendered":"\n<figure class=\"wp-block-image size-large is-resized\"><img data-recalc-dims=\"1\" loading=\"lazy\" decoding=\"async\" width=\"1024\" height=\"683\" src=\"https:\/\/i0.wp.com\/tremplinsocial.fr\/wp-content\/uploads\/2024\/12\/social.jpg?resize=1024%2C683&#038;ssl=1\" alt=\"\" class=\"wp-image-379\" style=\"width:401px;height:auto\" srcset=\"https:\/\/i0.wp.com\/tremplinsocial.fr\/wp-content\/uploads\/2024\/12\/social-scaled.jpg?resize=1024%2C683&amp;ssl=1 1024w, https:\/\/i0.wp.com\/tremplinsocial.fr\/wp-content\/uploads\/2024\/12\/social-scaled.jpg?resize=300%2C200&amp;ssl=1 300w, https:\/\/i0.wp.com\/tremplinsocial.fr\/wp-content\/uploads\/2024\/12\/social-scaled.jpg?resize=768%2C512&amp;ssl=1 768w, https:\/\/i0.wp.com\/tremplinsocial.fr\/wp-content\/uploads\/2024\/12\/social-scaled.jpg?resize=1536%2C1024&amp;ssl=1 1536w, https:\/\/i0.wp.com\/tremplinsocial.fr\/wp-content\/uploads\/2024\/12\/social-scaled.jpg?resize=2048%2C1365&amp;ssl=1 2048w\" sizes=\"auto, (max-width: 1000px) 100vw, 1000px\" \/><\/figure>\n\n\n\n<p class=\"has-text-align-left\">1- Fexibilit\u00e9 des interventions. Je m&rsquo;adapte aux besoins sp\u00e9cifiques de votre structure avec des missions ponctuelles r\u00e9guli\u00e8res ou sur mesure, en fonction des objectifs fix\u00e9s. Cette souplesse permet d&rsquo;intervenir rapidement et efficacement sans engagement \u00e0 long terme.<\/p>\n\n\n\n<p>2- Expertise cibl\u00e9e et personnalis\u00e9e, je porte une expertise sp\u00e9cialis\u00e9e dans les domaines pr\u00e9cis comme l&rsquo;insertion, l&rsquo;accompagnement socio-\u00e9ducatif, le logement, la gestion administrative et financi\u00e8re. J&rsquo;apporte une expertise pointue et une approche personnalis\u00e9e pour chaque situation.<\/p>\n\n\n\n<p>3- R\u00e9duction des co\u00fbts pour la structure. Collaborer avec un professionnel ind\u00e9pendant permet d&rsquo;\u00e9viter des charges li\u00e9es \u00e0 l&#8217;embauche d&rsquo;un salari\u00e9, les co\u00fbts sont ma\u00eetris\u00e9s car ils sont directement li\u00e9s \u00e0 la mission confi\u00e9e.<\/p>\n\n\n\n<p class=\"has-text-align-left\">4- Renforcement des actions sociales, le recours un service social lib\u00e9ral am\u00e9liore la prise en charge des personnes en difficult\u00e9 tout en valorisant l&rsquo;impact social de la structure aupr\u00e8s des partenaires.<\/p>\n\n\n\n<p>5- Partenaire externe impartial et neutre, l&rsquo;intervenant lib\u00e9ral apporte une vision externe et objective ce qui facilite les \u00e9changes \u00e9vite les billets internes et permet de trouver des solutions adapt\u00e9es dans les situations d\u00e9licates.<\/p>\n\n\n\n<p>#consultant social lib\u00e9ral#consultant social lib\u00e9ral#<\/p>\n\n\n\n<p><strong>Solanne 06 09 28 41 79 ou par mail  solanne.nord@gmail.com<\/strong>, appel sans engagement, laissez-moi un message et je m&rsquo;engage \u00e0 vous contacter dans les meilleurs d\u00e9lais.Intervention dans la <strong>m\u00e9tropole Lilloise<\/strong>.<\/p>\n","protected":false},"excerpt":{"rendered":"<p>1- Fexibilit\u00e9 des interventions. Je m&rsquo;adapte aux besoins sp\u00e9cifiques de votre structure avec des missions ponctuelles r\u00e9guli\u00e8res ou sur mesure, en fonction des objectifs fix\u00e9s. Cette souplesse permet d&rsquo;intervenir rapidement et efficacement sans engagement \u00e0 long terme. 2- Expertise cibl\u00e9e et personnalis\u00e9e, je porte une expertise sp\u00e9cialis\u00e9e dans les domaines pr\u00e9cis comme l&rsquo;insertion, l&rsquo;accompagnement socio-\u00e9ducatif, [&hellip;]<\/p>\n","protected":false},"author":1,"featured_media":0,"parent":0,"menu_order":0,"comment_status":"closed","ping_status":"closed","template":"","meta":{"site-sidebar-layout":"default","site-content-layout":"default","ast-site-content-layout":"default","site-content-style":"default","site-sidebar-style":"default","ast-global-header-display":"","ast-banner-title-visibility":"","ast-main-header-display":"","ast-hfb-above-header-display":"","ast-hfb-below-header-display":"","ast-hfb-mobile-header-display":"","site-post-title":"","ast-breadcrumbs-content":"","ast-featured-img":"","footer-sml-layout":"","ast-disable-related-posts":"","theme-transparent-header-meta":"default","adv-header-id-meta":"","stick-header-meta":"","header-above-stick-meta":"","header-main-stick-meta":"","header-below-stick-meta":"","astra-migrate-meta-layouts":"set","ast-page-background-enabled":"default","ast-page-background-meta":{"desktop":{"background-color":"","background-image":"","background-repeat":"repeat","background-position":"center center","background-size":"auto","background-attachment":"scroll","background-type":"","background-media":"","overlay-type":"","overlay-color":"","overlay-opacity":"","overlay-gradient":""},"tablet":{"background-color":"","background-image":"","background-repeat":"repeat","background-position":"center center","background-size":"auto","background-attachment":"scroll","background-type":"","background-media":"","overlay-type":"","overlay-color":"","overlay-opacity":"","overlay-gradient":""},"mobile":{"background-color":"","background-image":"","background-repeat":"repeat","background-position":"center center","background-size":"auto","background-attachment":"scroll","background-type":"","background-media":"","overlay-type":"","overlay-color":"","overlay-opacity":"","overlay-gradient":""}},"ast-content-background-meta":{"desktop":{"background-color":"var(--ast-global-color-5)","background-image":"","background-repeat":"repeat","background-position":"center center","background-size":"auto","background-attachment":"scroll","background-type":"","background-media":"","overlay-type":"","overlay-color":"","overlay-opacity":"","overlay-gradient":""},"tablet":{"background-color":"var(--ast-global-color-5)","background-image":"","background-repeat":"repeat","background-position":"center center","background-size":"auto","background-attachment":"scroll","background-type":"","background-media":"","overlay-type":"","overlay-color":"","overlay-opacity":"","overlay-gradient":""},"mobile":{"background-color":"var(--ast-global-color-5)","background-image":"","background-repeat":"repeat","background-position":"center center","background-size":"auto","background-attachment":"scroll","background-type":"","background-media":"","overlay-type":"","overlay-color":"","overlay-opacity":"","overlay-gradient":""}},"footnotes":""},"class_list":["post-76","page","type-page","status-publish","hentry"],"yoast_head":"<!-- This site is optimized with the Yoast SEO plugin v27.4 - https:\/\/yoast.com\/product\/yoast-seo-wordpress\/ -->\n<title>Avantage d&#039;une consultante sociale lib\u00e9rale - Consultante social, adapt\u00e9e \u00e0 vos besoins<\/title>\n<meta name=\"description\" content=\"Trouver un interlocuteur efficace, pour une mise en oeuvre rapide dans la r\u00e9solution des probl\u00e9matiques sociales.Nord et \u00e0 distance\" \/>\n<meta name=\"robots\" content=\"index, follow, max-snippet:-1, max-image-preview:large, max-video-preview:-1\" \/>\n<link rel=\"canonical\" href=\"https:\/\/tremplinsocial.fr\/\" \/>\n<meta property=\"og:locale\" content=\"fr_FR\" \/>\n<meta property=\"og:type\" content=\"article\" \/>\n<meta property=\"og:title\" content=\"Avantage d&#039;une consultante sociale lib\u00e9rale - Consultante social, adapt\u00e9e \u00e0 vos besoins\" \/>\n<meta property=\"og:description\" content=\"Trouver un interlocuteur efficace, pour une mise en oeuvre rapide dans la r\u00e9solution des probl\u00e9matiques sociales.Nord et \u00e0 distance\" \/>\n<meta property=\"og:url\" content=\"https:\/\/tremplinsocial.fr\/\" \/>\n<meta property=\"og:site_name\" content=\"Consultante social, adapt\u00e9e \u00e0 vos besoins\" \/>\n<meta property=\"article:modified_time\" content=\"2025-03-21T15:26:01+00:00\" \/>\n<meta property=\"og:image\" content=\"https:\/\/tremplinsocial.fr\/wp-content\/uploads\/2024\/12\/social-1024x683.jpg\" \/>\n<meta name=\"twitter:card\" content=\"summary_large_image\" \/>\n<meta name=\"twitter:label1\" content=\"Dur\u00e9e de lecture estim\u00e9e\" \/>\n\t<meta name=\"twitter:data1\" content=\"2 minutes\" \/>\n<script type=\"application\/ld+json\" class=\"yoast-schema-graph\">{\"@context\":\"https:\\\/\\\/schema.org\",\"@graph\":[{\"@type\":\"WebPage\",\"@id\":\"https:\\\/\\\/tremplinsocial.fr\\\/\",\"url\":\"https:\\\/\\\/tremplinsocial.fr\\\/\",\"name\":\"Avantage d'une consultante sociale lib\u00e9rale - Consultante social, adapt\u00e9e \u00e0 vos besoins\",\"isPartOf\":{\"@id\":\"https:\\\/\\\/tremplinsocial.fr\\\/#website\"},\"primaryImageOfPage\":{\"@id\":\"https:\\\/\\\/tremplinsocial.fr\\\/#primaryimage\"},\"image\":{\"@id\":\"https:\\\/\\\/tremplinsocial.fr\\\/#primaryimage\"},\"thumbnailUrl\":\"https:\\\/\\\/tremplinsocial.fr\\\/wp-content\\\/uploads\\\/2024\\\/12\\\/social-1024x683.jpg\",\"datePublished\":\"2020-03-31T08:57:04+00:00\",\"dateModified\":\"2025-03-21T15:26:01+00:00\",\"description\":\"Trouver un interlocuteur efficace, pour une mise en oeuvre rapide dans la r\u00e9solution des probl\u00e9matiques sociales.Nord et \u00e0 distance\",\"breadcrumb\":{\"@id\":\"https:\\\/\\\/tremplinsocial.fr\\\/#breadcrumb\"},\"inLanguage\":\"fr-FR\",\"potentialAction\":[{\"@type\":\"ReadAction\",\"target\":[\"https:\\\/\\\/tremplinsocial.fr\\\/\"]}]},{\"@type\":\"ImageObject\",\"inLanguage\":\"fr-FR\",\"@id\":\"https:\\\/\\\/tremplinsocial.fr\\\/#primaryimage\",\"url\":\"https:\\\/\\\/i0.wp.com\\\/tremplinsocial.fr\\\/wp-content\\\/uploads\\\/2024\\\/12\\\/social-scaled.jpg?fit=2560%2C1707&ssl=1\",\"contentUrl\":\"https:\\\/\\\/i0.wp.com\\\/tremplinsocial.fr\\\/wp-content\\\/uploads\\\/2024\\\/12\\\/social-scaled.jpg?fit=2560%2C1707&ssl=1\",\"width\":2560,\"height\":1707},{\"@type\":\"BreadcrumbList\",\"@id\":\"https:\\\/\\\/tremplinsocial.fr\\\/#breadcrumb\",\"itemListElement\":[{\"@type\":\"ListItem\",\"position\":1,\"name\":\"Accueil\",\"item\":\"https:\\\/\\\/tremplinsocial.fr\\\/\"},{\"@type\":\"ListItem\",\"position\":2,\"name\":\"Avantage d&rsquo;une consultante sociale lib\u00e9rale\"}]},{\"@type\":\"WebSite\",\"@id\":\"https:\\\/\\\/tremplinsocial.fr\\\/#website\",\"url\":\"https:\\\/\\\/tremplinsocial.fr\\\/\",\"name\":\"Conseill\u00e8re Sociale \u00e0 Lille\",\"description\":\"Entreprise ou association vous pouvez compter sur l&#039;expertise d&#039;une professionnelle du social pour vous accompagner en tant que Conseill\u00e8re en Economie Sociale et Familiale lib\u00e9rale. Je propose un partenariat direct avec les acteurs du secteur m\u00e9dico-social afin de mettre en place une intervention personnalis\u00e9e et adapt\u00e9e \u00e0 vos besoins.LILLE\\\/NORD \",\"publisher\":{\"@id\":\"https:\\\/\\\/tremplinsocial.fr\\\/#organization\"},\"potentialAction\":[{\"@type\":\"SearchAction\",\"target\":{\"@type\":\"EntryPoint\",\"urlTemplate\":\"https:\\\/\\\/tremplinsocial.fr\\\/?s={search_term_string}\"},\"query-input\":{\"@type\":\"PropertyValueSpecification\",\"valueRequired\":true,\"valueName\":\"search_term_string\"}}],\"inLanguage\":\"fr-FR\"},{\"@type\":\"Organization\",\"@id\":\"https:\\\/\\\/tremplinsocial.fr\\\/#organization\",\"name\":\"tremplin social\",\"url\":\"https:\\\/\\\/tremplinsocial.fr\\\/\",\"logo\":{\"@type\":\"ImageObject\",\"inLanguage\":\"fr-FR\",\"@id\":\"https:\\\/\\\/tremplinsocial.fr\\\/#\\\/schema\\\/logo\\\/image\\\/\",\"url\":\"https:\\\/\\\/i0.wp.com\\\/tremplinsocial.fr\\\/wp-content\\\/uploads\\\/2020\\\/11\\\/image.jpg?fit=640%2C640&ssl=1\",\"contentUrl\":\"https:\\\/\\\/i0.wp.com\\\/tremplinsocial.fr\\\/wp-content\\\/uploads\\\/2020\\\/11\\\/image.jpg?fit=640%2C640&ssl=1\",\"width\":640,\"height\":640,\"caption\":\"tremplin social\"},\"image\":{\"@id\":\"https:\\\/\\\/tremplinsocial.fr\\\/#\\\/schema\\\/logo\\\/image\\\/\"},\"sameAs\":[\"https:\\\/\\\/www.linkedin.com\\\/in\\\/anne-bourguet-065b6955\\\/\"]}]}<\/script>\n<!-- \/ Yoast SEO plugin. -->","yoast_head_json":{"title":"Avantage d'une consultante sociale lib\u00e9rale - Consultante social, adapt\u00e9e \u00e0 vos besoins","description":"Trouver un interlocuteur efficace, pour une mise en oeuvre rapide dans la r\u00e9solution des probl\u00e9matiques sociales.Nord et \u00e0 distance","robots":{"index":"index","follow":"follow","max-snippet":"max-snippet:-1","max-image-preview":"max-image-preview:large","max-video-preview":"max-video-preview:-1"},"canonical":"https:\/\/tremplinsocial.fr\/","og_locale":"fr_FR","og_type":"article","og_title":"Avantage d'une consultante sociale lib\u00e9rale - Consultante social, adapt\u00e9e \u00e0 vos besoins","og_description":"Trouver un interlocuteur efficace, pour une mise en oeuvre rapide dans la r\u00e9solution des probl\u00e9matiques sociales.Nord et \u00e0 distance","og_url":"https:\/\/tremplinsocial.fr\/","og_site_name":"Consultante social, adapt\u00e9e \u00e0 vos besoins","article_modified_time":"2025-03-21T15:26:01+00:00","og_image":[{"url":"https:\/\/tremplinsocial.fr\/wp-content\/uploads\/2024\/12\/social-1024x683.jpg","type":"","width":"","height":""}],"twitter_card":"summary_large_image","twitter_misc":{"Dur\u00e9e de lecture estim\u00e9e":"2 minutes"},"schema":{"@context":"https:\/\/schema.org","@graph":[{"@type":"WebPage","@id":"https:\/\/tremplinsocial.fr\/","url":"https:\/\/tremplinsocial.fr\/","name":"Avantage d'une consultante sociale lib\u00e9rale - Consultante social, adapt\u00e9e \u00e0 vos besoins","isPartOf":{"@id":"https:\/\/tremplinsocial.fr\/#website"},"primaryImageOfPage":{"@id":"https:\/\/tremplinsocial.fr\/#primaryimage"},"image":{"@id":"https:\/\/tremplinsocial.fr\/#primaryimage"},"thumbnailUrl":"https:\/\/tremplinsocial.fr\/wp-content\/uploads\/2024\/12\/social-1024x683.jpg","datePublished":"2020-03-31T08:57:04+00:00","dateModified":"2025-03-21T15:26:01+00:00","description":"Trouver un interlocuteur efficace, pour une mise en oeuvre rapide dans la r\u00e9solution des probl\u00e9matiques sociales.Nord et \u00e0 distance","breadcrumb":{"@id":"https:\/\/tremplinsocial.fr\/#breadcrumb"},"inLanguage":"fr-FR","potentialAction":[{"@type":"ReadAction","target":["https:\/\/tremplinsocial.fr\/"]}]},{"@type":"ImageObject","inLanguage":"fr-FR","@id":"https:\/\/tremplinsocial.fr\/#primaryimage","url":"https:\/\/i0.wp.com\/tremplinsocial.fr\/wp-content\/uploads\/2024\/12\/social-scaled.jpg?fit=2560%2C1707&ssl=1","contentUrl":"https:\/\/i0.wp.com\/tremplinsocial.fr\/wp-content\/uploads\/2024\/12\/social-scaled.jpg?fit=2560%2C1707&ssl=1","width":2560,"height":1707},{"@type":"BreadcrumbList","@id":"https:\/\/tremplinsocial.fr\/#breadcrumb","itemListElement":[{"@type":"ListItem","position":1,"name":"Accueil","item":"https:\/\/tremplinsocial.fr\/"},{"@type":"ListItem","position":2,"name":"Avantage d&rsquo;une consultante sociale lib\u00e9rale"}]},{"@type":"WebSite","@id":"https:\/\/tremplinsocial.fr\/#website","url":"https:\/\/tremplinsocial.fr\/","name":"Conseill\u00e8re Sociale \u00e0 Lille","description":"Entreprise ou association vous pouvez compter sur l&#039;expertise d&#039;une professionnelle du social pour vous accompagner en tant que Conseill\u00e8re en Economie Sociale et Familiale lib\u00e9rale. Je propose un partenariat direct avec les acteurs du secteur m\u00e9dico-social afin de mettre en place une intervention personnalis\u00e9e et adapt\u00e9e \u00e0 vos besoins.LILLE\/NORD ","publisher":{"@id":"https:\/\/tremplinsocial.fr\/#organization"},"potentialAction":[{"@type":"SearchAction","target":{"@type":"EntryPoint","urlTemplate":"https:\/\/tremplinsocial.fr\/?s={search_term_string}"},"query-input":{"@type":"PropertyValueSpecification","valueRequired":true,"valueName":"search_term_string"}}],"inLanguage":"fr-FR"},{"@type":"Organization","@id":"https:\/\/tremplinsocial.fr\/#organization","name":"tremplin social","url":"https:\/\/tremplinsocial.fr\/","logo":{"@type":"ImageObject","inLanguage":"fr-FR","@id":"https:\/\/tremplinsocial.fr\/#\/schema\/logo\/image\/","url":"https:\/\/i0.wp.com\/tremplinsocial.fr\/wp-content\/uploads\/2020\/11\/image.jpg?fit=640%2C640&ssl=1","contentUrl":"https:\/\/i0.wp.com\/tremplinsocial.fr\/wp-content\/uploads\/2020\/11\/image.jpg?fit=640%2C640&ssl=1","width":640,"height":640,"caption":"tremplin social"},"image":{"@id":"https:\/\/tremplinsocial.fr\/#\/schema\/logo\/image\/"},"sameAs":["https:\/\/www.linkedin.com\/in\/anne-bourguet-065b6955\/"]}]}},"jetpack_sharing_enabled":true,"_links":{"self":[{"href":"https:\/\/tremplinsocial.fr\/index.php?rest_route=\/wp\/v2\/pages\/76","targetHints":{"allow":["GET"]}}],"collection":[{"href":"https:\/\/tremplinsocial.fr\/index.php?rest_route=\/wp\/v2\/pages"}],"about":[{"href":"https:\/\/tremplinsocial.fr\/index.php?rest_route=\/wp\/v2\/types\/page"}],"author":[{"embeddable":true,"href":"https:\/\/tremplinsocial.fr\/index.php?rest_route=\/wp\/v2\/users\/1"}],"replies":[{"embeddable":true,"href":"https:\/\/tremplinsocial.fr\/index.php?rest_route=%2Fwp%2Fv2%2Fcomments&post=76"}],"version-history":[{"count":26,"href":"https:\/\/tremplinsocial.fr\/index.php?rest_route=\/wp\/v2\/pages\/76\/revisions"}],"predecessor-version":[{"id":476,"href":"https:\/\/tremplinsocial.fr\/index.php?rest_route=\/wp\/v2\/pages\/76\/revisions\/476"}],"wp:attachment":[{"href":"https:\/\/tremplinsocial.fr\/index.php?rest_route=%2Fwp%2Fv2%2Fmedia&parent=76"}],"curies":[{"name":"wp","href":"https:\/\/api.w.org\/{rel}","templated":true}]}}